{"id":853,"date":"2022-06-30T10:09:34","date_gmt":"2022-06-30T10:09:34","guid":{"rendered":"http:\/\/www.iesae.com\/wperasmus\/?page_id=853"},"modified":"2022-06-30T10:09:59","modified_gmt":"2022-06-30T10:09:59","slug":"ka227-the-arts-ring","status":"publish","type":"page","link":"http:\/\/www.iesae.com\/wperasmus\/ka227-the-arts-ring\/","title":{"rendered":"KA227 The Arts Ring"},"content":{"rendered":"<p><b>Proyecto Erasmus+ KA227 The Arts Ring.&nbsp;<\/b><\/p>\n<p><img loading=\"lazy\" src=\"http:\/\/www.iesae.com\/wperasmus\/wp-content\/uploads\/2022\/06\/Logoetipo-300x300.jpeg\" alt=\"\" width=\"300\" height=\"300\" class=\"size-medium wp-image-854 aligncenter\" srcset=\"http:\/\/www.iesae.com\/wperasmus\/wp-content\/uploads\/2022\/06\/Logoetipo-300x300.jpeg 300w, http:\/\/www.iesae.com\/wperasmus\/wp-content\/uploads\/2022\/06\/Logoetipo-1024x1024.jpeg 1024w, http:\/\/www.iesae.com\/wperasmus\/wp-content\/uploads\/2022\/06\/Logoetipo-150x150.jpeg 150w, http:\/\/www.iesae.com\/wperasmus\/wp-content\/uploads\/2022\/06\/Logoetipo-768x768.jpeg 768w, http:\/\/www.iesae.com\/wperasmus\/wp-content\/uploads\/2022\/06\/Logoetipo.jpeg 1080w\" sizes=\"(max-width: 300px) 100vw, 300px\" \/><\/p>\n<div>Coordinado por Portugal implica a seis pa\u00edses que se han propuesto incentivar, difundir y desarrollar las artes centr\u00e1ndose en el Circo, la Escultura, el Flamenco, las Marionetas, los Bailes Regionales y la Cer\u00e1mica.<\/div>\n<div>Cada pa\u00eds recibe como anfitri\u00f3n a los dem\u00e1s en seis movilidades distribuidas a lo largo de 2022 y 2023. Empezamos en Portugal en Vilanova de Famalicao (Oporto) C1, continuamos en Alexandria(Grecia) C2. Y seguiremos en Sevilla (Espa\u00f1a) C3, Turqu\u00eda C4, Bulgaria C5 e Italia C6. En cada movilidad se han seleccionado a seis alumnos\/as en nuestro centro de 2\u00ba ESO, pero participa alumnado de entre 8 y 14 a\u00f1os.<\/div>\n<div>Los videos que se pueden ver en esta p\u00e1gina se corresponden a las movilidades C1 marzo 2022 y C2 mayo 2022.<\/div>\n<div><a href=\"https:\/\/youtu.be\/XcUNlDDWBd0\">https:\/\/youtu.be\/XcUNlDDWBd0<\/a><\/div>\n<div><a href=\"https:\/\/youtu.be\/giCfvD08XTY\">https:\/\/youtu.be\/giCfvD08XTY<\/a><\/div>\n<div><\/div>\n","protected":false},"excerpt":{"rendered":"<p>Proyecto Erasmus+ KA227 The Arts Ring.&nbsp; Coordinado por Portugal implica a seis pa\u00edses que se han propuesto incentivar, difundir y desarrollar las artes centr\u00e1ndose en el Circo, la Escultura, el Flamenco, las Marionetas, los Bailes Regionales y la Cer\u00e1mica. Cada pa\u00eds recibe como anfitri\u00f3n a los dem\u00e1s en seis movilidades [&hellip;]<\/p>\n","protected":false},"author":1,"featured_media":0,"parent":0,"menu_order":0,"comment_status":"closed","ping_status":"closed","template":"","meta":[],"_links":{"self":[{"href":"http:\/\/www.iesae.com\/wperasmus\/wp-json\/wp\/v2\/pages\/853"}],"collection":[{"href":"http:\/\/www.iesae.com\/wperasmus\/wp-json\/wp\/v2\/pages"}],"about":[{"href":"http:\/\/www.iesae.com\/wperasmus\/wp-json\/wp\/v2\/types\/page"}],"author":[{"embeddable":true,"href":"http:\/\/www.iesae.com\/wperasmus\/wp-json\/wp\/v2\/users\/1"}],"replies":[{"embeddable":true,"href":"http:\/\/www.iesae.com\/wperasmus\/wp-json\/wp\/v2\/comments?post=853"}],"version-history":[{"count":3,"href":"http:\/\/www.iesae.com\/wperasmus\/wp-json\/wp\/v2\/pages\/853\/revisions"}],"predecessor-version":[{"id":858,"href":"http:\/\/www.iesae.com\/wperasmus\/wp-json\/wp\/v2\/pages\/853\/revisions\/858"}],"wp:attachment":[{"href":"http:\/\/www.iesae.com\/wperasmus\/wp-json\/wp\/v2\/media?parent=853"}],"curies":[{"name":"wp","href":"https:\/\/api.w.org\/{rel}","templated":true}]}}