{"id":821,"date":"2022-03-29T10:47:12","date_gmt":"2022-03-29T10:47:12","guid":{"rendered":"http:\/\/www.iesae.com\/wperasmus\/?page_id=821"},"modified":"2022-03-29T10:47:41","modified_gmt":"2022-03-29T10:47:41","slug":"ka210-unidos-por-los-idiomas","status":"publish","type":"page","link":"http:\/\/www.iesae.com\/wperasmus\/ka210-unidos-por-los-idiomas\/","title":{"rendered":"KA210 Unidos por los idiomas"},"content":{"rendered":"<div><\/div>\n<div><span style=\"color: #000000; font-family: arial, sans-serif;\"><img loading=\"lazy\" src=\"http:\/\/www.iesae.com\/wperasmus\/wp-content\/uploads\/2022\/03\/Captura-de-pantalla-2022-03-14-a-las-17.34.07-300x188.png\" alt=\"\" width=\"286\" height=\"179\" class=\" wp-image-823 alignleft\" srcset=\"http:\/\/www.iesae.com\/wperasmus\/wp-content\/uploads\/2022\/03\/Captura-de-pantalla-2022-03-14-a-las-17.34.07-300x188.png 300w, http:\/\/www.iesae.com\/wperasmus\/wp-content\/uploads\/2022\/03\/Captura-de-pantalla-2022-03-14-a-las-17.34.07-1024x640.png 1024w, http:\/\/www.iesae.com\/wperasmus\/wp-content\/uploads\/2022\/03\/Captura-de-pantalla-2022-03-14-a-las-17.34.07-768x480.png 768w, http:\/\/www.iesae.com\/wperasmus\/wp-content\/uploads\/2022\/03\/Captura-de-pantalla-2022-03-14-a-las-17.34.07.png 1440w\" sizes=\"(max-width: 286px) 100vw, 286px\" \/><\/span><\/div>\n<div><\/div>\n<div><\/div>\n<div><\/div>\n<div><\/div>\n<div><span style=\"color: #000000; font-family: arial, sans-serif;\">Nuestro centro se encuentra inmerso en un nuevo proyecto europeo. En esta ocasi\u00f3n, se trata de un<span>\u00a0KA210 Small-scale partnerships in adult education, con la ense\u00f1anza de lenguas extranjeras como hilo conductor.\u00a0<\/span><\/span><\/div>\n<div><span style=\"color: #000000; font-family: arial, sans-serif;\"><span>\u00a0<\/span><\/span><\/div>\n<div><\/div>\n<div><\/div>\n<div><span style=\"color: #000000; font-family: arial, sans-serif;\"><span>Este ilusionante proyecto, llamado\u00a0<\/span><span>\u201cUnited by languages, teaching and learning effectively\u201d UBYLANG, en el que colaboramos con el\u00a0<\/span><span lang=\"es\">Spanish Institute for Global Education<span>\u00a0y con la Asociaci\u00f3n de profesores de espa\u00f1ol de Finlandia (<\/span><\/span><span><i>Suomen espanjanopettajat ry<\/i>), crear\u00e1 v\u00ednculos entre dos pa\u00edses, a priori, tan diferentes como son Espa\u00f1a y Finlandia, pero que se unir\u00e1n que mediante trabajo colaborativo.<\/span><\/span><\/div>\n<div><span style=\"color: #000000; font-family: arial, sans-serif;\"><span>\u00a0<\/span><\/span><\/div>\n<div><span style=\"color: #000000; font-family: arial, sans-serif;\"><span>El punto m\u00e1s importante de este proyecto ser\u00e1 la movilidad que llevar\u00e1n a cabo un grupo de profesoras finlandesas en el mes de abril, y posteriormente una delegaci\u00f3n espa\u00f1ola, que contar\u00e1 con representaci\u00f3n de profesores del IES Albert Einstein en el mes de mayo. Las ciudades en las que se desarrollar\u00e1n\u00a0estos intercambios de profesionales, cursos de formaci\u00f3n, visitas a centros educativos, etc. ser\u00e1n Sevilla y Helsinki.<\/span><\/span><\/div>\n<div><span style=\"color: #000000; font-family: arial, sans-serif;\"><span>\u00a0<\/span><\/span><\/div>\n<div><span style=\"color: #000000; font-family: arial, sans-serif;\"><span>Este proyecto, que lleva meses gest\u00e1ndose, ya se encuentra en la fase de preparativos finales, reuniones telem\u00e1ticas, intercambio de material en distintas plataformas, etc.<\/span><\/span><\/div>\n<div><\/div>\n<div><span style=\"color: #000000; font-family: arial, sans-serif;\"><img loading=\"lazy\" src=\"http:\/\/www.iesae.com\/wperasmus\/wp-content\/uploads\/2022\/03\/logo_h-300x212.jpg\" alt=\"\" width=\"300\" height=\"212\" class=\"size-medium wp-image-822 aligncenter\" srcset=\"http:\/\/www.iesae.com\/wperasmus\/wp-content\/uploads\/2022\/03\/logo_h-300x212.jpg 300w, http:\/\/www.iesae.com\/wperasmus\/wp-content\/uploads\/2022\/03\/logo_h-1024x724.jpg 1024w, http:\/\/www.iesae.com\/wperasmus\/wp-content\/uploads\/2022\/03\/logo_h-768x543.jpg 768w, http:\/\/www.iesae.com\/wperasmus\/wp-content\/uploads\/2022\/03\/logo_h-1536x1086.jpg 1536w, http:\/\/www.iesae.com\/wperasmus\/wp-content\/uploads\/2022\/03\/logo_h-2048x1448.jpg 2048w\" sizes=\"(max-width: 300px) 100vw, 300px\" \/><\/span><\/div>\n","protected":false},"excerpt":{"rendered":"<p>Nuestro centro se encuentra inmerso en un nuevo proyecto europeo. En esta ocasi\u00f3n, se trata de un\u00a0KA210 Small-scale partnerships in adult education, con la ense\u00f1anza de lenguas extranjeras como hilo conductor.\u00a0 \u00a0 Este ilusionante proyecto, llamado\u00a0\u201cUnited by languages, teaching and learning effectively\u201d UBYLANG, en el que colaboramos con el\u00a0Spanish Institute [&hellip;]<\/p>\n","protected":false},"author":1,"featured_media":0,"parent":0,"menu_order":0,"comment_status":"closed","ping_status":"closed","template":"","meta":[],"_links":{"self":[{"href":"http:\/\/www.iesae.com\/wperasmus\/wp-json\/wp\/v2\/pages\/821"}],"collection":[{"href":"http:\/\/www.iesae.com\/wperasmus\/wp-json\/wp\/v2\/pages"}],"about":[{"href":"http:\/\/www.iesae.com\/wperasmus\/wp-json\/wp\/v2\/types\/page"}],"author":[{"embeddable":true,"href":"http:\/\/www.iesae.com\/wperasmus\/wp-json\/wp\/v2\/users\/1"}],"replies":[{"embeddable":true,"href":"http:\/\/www.iesae.com\/wperasmus\/wp-json\/wp\/v2\/comments?post=821"}],"version-history":[{"count":4,"href":"http:\/\/www.iesae.com\/wperasmus\/wp-json\/wp\/v2\/pages\/821\/revisions"}],"predecessor-version":[{"id":828,"href":"http:\/\/www.iesae.com\/wperasmus\/wp-json\/wp\/v2\/pages\/821\/revisions\/828"}],"wp:attachment":[{"href":"http:\/\/www.iesae.com\/wperasmus\/wp-json\/wp\/v2\/media?parent=821"}],"curies":[{"name":"wp","href":"https:\/\/api.w.org\/{rel}","templated":true}]}}